{"id":126,"date":"2018-08-27T12:15:15","date_gmt":"2018-08-27T12:15:15","guid":{"rendered":"https:\/\/ljnconsultores.com\/?page_id=126"},"modified":"2022-07-29T17:11:01","modified_gmt":"2022-07-29T17:11:01","slug":"home","status":"publish","type":"page","link":"https:\/\/ljnconsultores.com\/","title":{"rendered":"Home"},"content":{"rendered":"\n\n\t<h5>\n\t\t\t\t\tAsesorias Contables\n\t\t\t\t<\/h5>\n\t<h1>\n\t\t\t\t\tLJN Consultores\n\t\t\t\t<\/h1>\n\t\t\t<p>Asesor\u00edas Contables y Financieras<\/p>\n\t\t\t<a href=\"#\" target=\"_self\" role=\"button\" rel=\"noopener\">\n\t\t\t\t\t\tObtenga una Asesor\u00eda Ahora\n\t\t<\/a>\n\t\t\t\t<img decoding=\"async\" src=\"https:\/\/ljnconsultores.com\/wp-content\/uploads\/2022\/07\/cooperation-analyst-chart-professional-paper-economics-scaled.jpg\" alt=\"Business concept. Business people discussing the charts and graphs showing the results of their successful teamwork.\" itemprop=\"image\"\/>\n\t<h5>\n\t\t\t\t\tServicios\n\t\t\t\t<\/h5>\n\t<h2>\n\t\t\t\t\tExpertas en Asesor\u00edas Contables y Financieras \n\t\t\t\t<\/h2>\n\t\t\t\t<img decoding=\"async\" src=\"https:\/\/ljnconsultores.com\/wp-content\/uploads\/2019\/06\/feature2-free-img-1.png\" alt=\"feature2-free-img.png\" itemprop=\"image\"\/>\n\t<h6>\n\t\t\t\t\t#1\n\t\t\t\t<\/h6>\n\t<h3>\n\t\t\t\t\tServicios Contables\n\t\t\t\t<\/h3>\n\t\t\t<p>Ofrecemos el mas completo portafolio de Servicios contables y Financieros del mercado, permitanos asesorarlo de forma agil y acertada.<\/p>\n\t\t\t<a href=\"#\" target=\"_self\" role=\"button\" rel=\"noopener\">\n\t\t\t\t\t\tConsultenos\n\t\t<\/a>\n\t<h6>\n\t\t\t\t\t#2\n\t\t\t\t<\/h6>\n\t<h3>\n\t\t\t\t\tAsesoria Tributaria\n\t\t\t\t<\/h3>\n\t\t\t<p>Nuestras Consultoras le guiaran en realizar de forma correcta, todos los impuestos.<\/p>\n\t\t\t<a href=\"#\" target=\"_self\" role=\"button\" rel=\"noopener\">\n\t\t\t\t\t\tConsultenos\n\t\t<\/a>\n\t\t\t\t<img decoding=\"async\" src=\"https:\/\/ljnconsultores.com\/wp-content\/uploads\/2019\/06\/feature1-free-img-1.png\" alt=\"feature1-free-img.png\" itemprop=\"image\"\/>\n\t\t\t\t<img decoding=\"async\" src=\"https:\/\/ljnconsultores.com\/wp-content\/uploads\/2019\/06\/feature3-free-img-1.png\" alt=\"feature3-free-img.png\" itemprop=\"image\"\/>\n\t<h6>\n\t\t\t\t\t#3\n\t\t\t\t<\/h6>\n\t<h3>\n\t\t\t\t\tAsesor\u00eda financiera\n\t\t\t\t<\/h3>\n\t\t\t<p>Obtenga Informaci\u00f3n Financiera de calidad con miras a la presentaci\u00f3n de Estados Financieros, que permitan la toma de decisiones integrales, asesorando a nuestros clientes en el manejo de sus recursos, con miras a obtener eficiencia financiera, mediante la aplicaci\u00f3n de las normas y t\u00e9cnicas contables de las Normas Internacionales de Informaci\u00f3n Financiera.<\/p>\n\t\t\t<a href=\"#\" target=\"_self\" role=\"button\" rel=\"noopener\">\n\t\t\t\t\t\tConsultenos\n\t\t<\/a>\n\t<h5>\n\t\t\t\t\tSomos Su Asesor\u00eda Contable de Confianza\n\t\t\t\t<\/h5>\n\t<h2>\n\t\t\t\t\tExpertas en sus Registros\n\t\t\t\t<\/h2>\n\t<ul>\n\t\t<li>\t\t\t\t\n\t\t<h4>Siempre A Tiempo<\/h4><p>Deje en manos Expertas\u00a0 sus trabajos justo a Tiempo<\/p><\/li>\t<\/ul>\n\t<ul>\n\t\t<li>\t\t\t\t\n\t\t<h4>Trabajamos  Duro<\/h4><p>Damos lo mejor de nuestro trabajo para su tranquilidad<\/p><\/li>\t<\/ul>\n\t<ul>\n\t\t<li>\t\t\t\t\n\t\t<h4>24\/7 Es nuestra Disponibilidad<\/h4><p>Porque Nosotras estamos cuando usted mas lo necesita<\/p><\/li>\t<\/ul>\n\n","protected":false},"excerpt":{"rendered":"<p>Asesorias Contables LJN Consultores Asesor\u00edas Contables y Financieras Obtenga una Asesor\u00eda Ahora Servicios Expertas en Asesor\u00edas Contables y Financieras #1 Servicios Contables Ofrecemos el mas completo portafolio de Servicios contables y Financieros del mercado, permitanos asesorarlo de forma agil y acertada. Consultenos #2 Asesoria Tributaria Nuestras Consultoras le guiaran en realizar de forma correcta, todos [&hellip;]<\/p>\n","protected":false},"author":1,"featured_media":0,"parent":0,"menu_order":0,"comment_status":"closed","ping_status":"closed","template":"","meta":{"om_disable_all_campaigns":false,"_monsterinsights_skip_tracking":false,"_monsterinsights_sitenote_active":false,"_monsterinsights_sitenote_note":"","_monsterinsights_sitenote_category":0,"site-sidebar-layout":"default","site-content-layout":"page-builder","ast-site-content-layout":"","site-content-style":"default","site-sidebar-style":"default","ast-global-header-display":"","ast-banner-title-visibility":"","ast-main-header-display":"","ast-hfb-above-header-display":"","ast-hfb-below-header-display":"","ast-hfb-mobile-header-display":"","site-post-title":"disabled","ast-breadcrumbs-content":"","ast-featured-img":"disabled","footer-sml-layout":"","theme-transparent-header-meta":"enabled","adv-header-id-meta":"","stick-header-meta":"","header-above-stick-meta":"","header-main-stick-meta":"","header-below-stick-meta":"","astra-migrate-meta-layouts":"default","ast-page-background-enabled":"default","ast-page-background-meta":{"desktop":{"background-color":"","background-image":"","background-repeat":"repeat","background-position":"center center","background-size":"auto","background-attachment":"scroll","background-type":"","background-media":"","overlay-type":"","overlay-color":"","overlay-opacity":"","overlay-gradient":""},"tablet":{"background-color":"","background-image":"","background-repeat":"repeat","background-position":"center center","background-size":"auto","background-attachment":"scroll","background-type":"","background-media":"","overlay-type":"","overlay-color":"","overlay-opacity":"","overlay-gradient":""},"mobile":{"background-color":"","background-image":"","background-repeat":"repeat","background-position":"center center","background-size":"auto","background-attachment":"scroll","background-type":"","background-media":"","overlay-type":"","overlay-color":"","overlay-opacity":"","overlay-gradient":""}},"ast-content-background-meta":{"desktop":{"background-color":"var(--ast-global-color-5)","background-image":"","background-repeat":"repeat","background-position":"center center","background-size":"auto","background-attachment":"scroll","background-type":"","background-media":"","overlay-type":"","overlay-color":"","overlay-opacity":"","overlay-gradient":""},"tablet":{"background-color":"var(--ast-global-color-5)","background-image":"","background-repeat":"repeat","background-position":"center center","background-size":"auto","background-attachment":"scroll","background-type":"","background-media":"","overlay-type":"","overlay-color":"","overlay-opacity":"","overlay-gradient":""},"mobile":{"background-color":"var(--ast-global-color-5)","background-image":"","background-repeat":"repeat","background-position":"center center","background-size":"auto","background-attachment":"scroll","background-type":"","background-media":"","overlay-type":"","overlay-color":"","overlay-opacity":"","overlay-gradient":""}},"footnotes":""},"class_list":["post-126","page","type-page","status-publish","hentry"],"aioseo_notices":[],"_links":{"self":[{"href":"https:\/\/ljnconsultores.com\/index.php?rest_route=\/wp\/v2\/pages\/126","targetHints":{"allow":["GET"]}}],"collection":[{"href":"https:\/\/ljnconsultores.com\/index.php?rest_route=\/wp\/v2\/pages"}],"about":[{"href":"https:\/\/ljnconsultores.com\/index.php?rest_route=\/wp\/v2\/types\/page"}],"author":[{"embeddable":true,"href":"https:\/\/ljnconsultores.com\/index.php?rest_route=\/wp\/v2\/users\/1"}],"replies":[{"embeddable":true,"href":"https:\/\/ljnconsultores.com\/index.php?rest_route=%2Fwp%2Fv2%2Fcomments&post=126"}],"version-history":[{"count":7,"href":"https:\/\/ljnconsultores.com\/index.php?rest_route=\/wp\/v2\/pages\/126\/revisions"}],"predecessor-version":[{"id":423,"href":"https:\/\/ljnconsultores.com\/index.php?rest_route=\/wp\/v2\/pages\/126\/revisions\/423"}],"wp:attachment":[{"href":"https:\/\/ljnconsultores.com\/index.php?rest_route=%2Fwp%2Fv2%2Fmedia&parent=126"}],"curies":[{"name":"wp","href":"https:\/\/api.w.org\/{rel}","templated":true}]}}