{"id":128,"date":"2018-08-27T12:16:33","date_gmt":"2018-08-27T12:16:33","guid":{"rendered":"https:\/\/ljnconsultores.com\/?page_id=128"},"modified":"2022-07-29T12:25:30","modified_gmt":"2022-07-29T12:25:30","slug":"services","status":"publish","type":"page","link":"https:\/\/ljnconsultores.com\/?page_id=128","title":{"rendered":"Services"},"content":{"rendered":"\n\n\t<h5>\n\t\t\t\t\tServicios\n\t\t\t\t<\/h5>\n\t<h1>\n\t\t\t\t\tNuestros Servicios\n\t\t\t\t<\/h1>\n\t\t\t\t<img decoding=\"async\" src=\"https:\/\/ljnconsultores.com\/wp-content\/uploads\/2019\/06\/feature2-free-img-1.png\" alt=\"feature2-free-img.png\" itemprop=\"image\"\/>\n\t<h2>\n\t\t\t\t\tServicios Contables\n\t\t\t\t<\/h2>\n\t<h4>\n\t\t\t\t\tASESOR\u00cdA FINANCIERA Y CONTABILIDAD SIMPLIFICADA\n\t\t\t\t<\/h4>\n\t\t\t<p>Preparamos la informaci\u00f3n Financiera de calidad con miras a la presentaci\u00f3n de Estados Financieros, que nos\u00a0 permita la toma de decisiones integrales, asesorando a nuestros clientes en el manejo de sus recursos, con miras a obtener eficiencia financiera, mediante la aplicaci\u00f3n de las normas y t\u00e9cnicas contables de las Normas Internacionales de Informaci\u00f3n Financiera.<\/p>\n\t\t\t<a href=\"#\" target=\"_self\" role=\"button\" rel=\"noopener\">\n\t\t\t\t\t\tConozca Mas&#8230;\n\t\t<\/a>\n\t<h2>\n\t\t\t\t\tAsesor\u00eda Tributaria\n\t\t\t\t<\/h2>\n\t<h4>\n\t\t\t\t\tServicios\n\t\t\t\t<\/h4>\n\t\t\t<p>El servicio de asesor\u00eda tributaria comprende la preparaci\u00f3n y an\u00e1lisis de la Informaci\u00f3n de su Negocio,\u00a0 para establecer y dise\u00f1ar los controles procedimientos necesarios para la adecuada aplicaci\u00f3n de las normas tributarias y legales de manera que le permita a las compa\u00f1\u00edas, maximizar sus resultados.<\/p>\n\t<h4>\n\t\t\t\t\t.\n\t\t\t\t<\/h4>\n\t\t\t<p>.<\/p>\n\t<h4>\n\t\t\t\t\t.\n\t\t\t\t<\/h4>\n\t\t\t<p>.<\/p>\n\t\t\t<a href=\"#\" target=\"_self\" role=\"button\" rel=\"noopener\">\n\t\t\t\t\t\tConozca Mas&#8230;\n\t\t<\/a>\n\t\t\t\t<img decoding=\"async\" src=\"https:\/\/ljnconsultores.com\/wp-content\/uploads\/2019\/06\/feature1-free-img-1.png\" alt=\"feature1-free-img.png\" itemprop=\"image\"\/>\n\t\t\t\t<img decoding=\"async\" src=\"https:\/\/ljnconsultores.com\/wp-content\/uploads\/2019\/06\/feature3-free-img-1.png\" alt=\"feature3-free-img.png\" itemprop=\"image\"\/>\n\t<h2>\n\t\t\t\t\tAsesor\u00eda financiera\n\t\t\t\t<\/h2>\n\t<h4>\n\t\t\t\t\tServicios Financieros\n\t\t\t\t<\/h4>\n\t\t\t<p>Nuestra asesor\u00eda va enfocada en la optimizaci\u00f3n de recursos y la evaluaci\u00f3n financiera de nuestros clientes, a trav\u00e9s de cada uno de los siguientes servicios:\u00a0Presupuesto y Planificaci\u00f3n Financiera, Evaluaci\u00f3n Financiera de Proyectos, Monitoreo y Seguimiento Financiero y Valoraci\u00f3n Financiera de Empresas.<\/p>\n\t<h4>\n\t\t\t\t\t.\n\t\t\t\t<\/h4>\n\t\t\t<p>.<\/p>\n\t\t\t<a href=\"#\" target=\"_self\" role=\"button\" rel=\"noopener\">\n\t\t\t\t\t\tConozca Mas&#8230;\n\t\t<\/a>\n\t<h5>\n\t\t\t\t\tConsulte Nuestros Servicios\n\t\t\t\t<\/h5>\n\t<h2>\n\t\t\t\t\tObtenga Una Asesor\u00eda\n\t\t\t\t<\/h2>\n\t\t\t<p>\u00a1Env\u00edenos un mensaje o escribanos de forma \u00e1gil en Whatsapp y le ayudaremos de Inmediato!<\/p>\n\t\t\t<a href=\"#\" target=\"_self\" role=\"button\" rel=\"noopener\">\n\t\t\t\t\t\tObtenga Asesoria Ahora\n\t\t<\/a>\n\n","protected":false},"excerpt":{"rendered":"<p>Servicios Nuestros Servicios Servicios Contables ASESOR\u00cdA FINANCIERA Y CONTABILIDAD SIMPLIFICADA Preparamos la informaci\u00f3n Financiera de calidad con miras a la presentaci\u00f3n de Estados Financieros, que nos\u00a0 permita la toma de decisiones integrales, asesorando a nuestros clientes en el manejo de sus recursos, con miras a obtener eficiencia financiera, mediante la aplicaci\u00f3n de las normas y [&hellip;]<\/p>\n","protected":false},"author":1,"featured_media":0,"parent":0,"menu_order":0,"comment_status":"closed","ping_status":"closed","template":"","meta":{"om_disable_all_campaigns":false,"_monsterinsights_skip_tracking":false,"_monsterinsights_sitenote_active":false,"_monsterinsights_sitenote_note":"","_monsterinsights_sitenote_category":0,"site-sidebar-layout":"default","site-content-layout":"page-builder","ast-site-content-layout":"","site-content-style":"default","site-sidebar-style":"default","ast-global-header-display":"","ast-banner-title-visibility":"","ast-main-header-display":"","ast-hfb-above-header-display":"","ast-hfb-below-header-display":"","ast-hfb-mobile-header-display":"","site-post-title":"disabled","ast-breadcrumbs-content":"","ast-featured-img":"disabled","footer-sml-layout":"","theme-transparent-header-meta":"enabled","adv-header-id-meta":"","stick-header-meta":"","header-above-stick-meta":"","header-main-stick-meta":"","header-below-stick-meta":"","astra-migrate-meta-layouts":"default","ast-page-background-enabled":"default","ast-page-background-meta":{"desktop":{"background-color":"","background-image":"","background-repeat":"repeat","background-position":"center center","background-size":"auto","background-attachment":"scroll","background-type":"","background-media":"","overlay-type":"","overlay-color":"","overlay-opacity":"","overlay-gradient":""},"tablet":{"background-color":"","background-image":"","background-repeat":"repeat","background-position":"center center","background-size":"auto","background-attachment":"scroll","background-type":"","background-media":"","overlay-type":"","overlay-color":"","overlay-opacity":"","overlay-gradient":""},"mobile":{"background-color":"","background-image":"","background-repeat":"repeat","background-position":"center center","background-size":"auto","background-attachment":"scroll","background-type":"","background-media":"","overlay-type":"","overlay-color":"","overlay-opacity":"","overlay-gradient":""}},"ast-content-background-meta":{"desktop":{"background-color":"var(--ast-global-color-5)","background-image":"","background-repeat":"repeat","background-position":"center center","background-size":"auto","background-attachment":"scroll","background-type":"","background-media":"","overlay-type":"","overlay-color":"","overlay-opacity":"","overlay-gradient":""},"tablet":{"background-color":"var(--ast-global-color-5)","background-image":"","background-repeat":"repeat","background-position":"center center","background-size":"auto","background-attachment":"scroll","background-type":"","background-media":"","overlay-type":"","overlay-color":"","overlay-opacity":"","overlay-gradient":""},"mobile":{"background-color":"var(--ast-global-color-5)","background-image":"","background-repeat":"repeat","background-position":"center center","background-size":"auto","background-attachment":"scroll","background-type":"","background-media":"","overlay-type":"","overlay-color":"","overlay-opacity":"","overlay-gradient":""}},"footnotes":""},"class_list":["post-128","page","type-page","status-publish","hentry"],"aioseo_notices":[],"_links":{"self":[{"href":"https:\/\/ljnconsultores.com\/index.php?rest_route=\/wp\/v2\/pages\/128","targetHints":{"allow":["GET"]}}],"collection":[{"href":"https:\/\/ljnconsultores.com\/index.php?rest_route=\/wp\/v2\/pages"}],"about":[{"href":"https:\/\/ljnconsultores.com\/index.php?rest_route=\/wp\/v2\/types\/page"}],"author":[{"embeddable":true,"href":"https:\/\/ljnconsultores.com\/index.php?rest_route=\/wp\/v2\/users\/1"}],"replies":[{"embeddable":true,"href":"https:\/\/ljnconsultores.com\/index.php?rest_route=%2Fwp%2Fv2%2Fcomments&post=128"}],"version-history":[{"count":2,"href":"https:\/\/ljnconsultores.com\/index.php?rest_route=\/wp\/v2\/pages\/128\/revisions"}],"predecessor-version":[{"id":385,"href":"https:\/\/ljnconsultores.com\/index.php?rest_route=\/wp\/v2\/pages\/128\/revisions\/385"}],"wp:attachment":[{"href":"https:\/\/ljnconsultores.com\/index.php?rest_route=%2Fwp%2Fv2%2Fmedia&parent=128"}],"curies":[{"name":"wp","href":"https:\/\/api.w.org\/{rel}","templated":true}]}}